{"id":1069,"date":"2024-04-08T15:14:48","date_gmt":"2024-04-08T15:14:48","guid":{"rendered":"http:\/\/rentals.intermobiliaria.es\/?post_type=product&#038;p=1069"},"modified":"2026-04-25T14:30:05","modified_gmt":"2026-04-25T14:30:05","slug":"residencial-puerto-alto-b6-14","status":"publish","type":"product","link":"https:\/\/rentals.intermobiliaria.es\/en\/alquileres\/residencial-puerto-alto-b6-14\/","title":{"rendered":"Residencial Puerto Alto B6-14"},"content":{"rendered":"<p>Excellent location! 3 bedroom, 2 bathroom apartment with air conditioning in a gated community in Estepona Costa del Sol Spain. Fantastic views of the sparkling blue ocean, harbor and the 2 pools located within the complex. It has a large south-facing terrace with BBQ, 2 double bedrooms (1 en suite with bathtub\/shower) and a third double bedroom with a shared bathroom with shower. Modern, well-equipped kitchen with granite worktops, induction hob, double oven, microwave, washing machine, refrigerator and filtered drinking water system. Smart TV with international channels, unlimited high-speed fiber Wi-Fi and Internet access. The gated complex has fully landscaped gardens and two good-sized swimming pools (one is more suitable for children) with lifeguards present during the summer season. The location of this apartment makes a car unnecessary.<\/p>\n<p>5 minutes walk from the lively and picturesque port of Estepona, with its marina and small fishing port. With bars, restaurants and live music venues. 10-15 minutes walk from the beaches. 15-20 minutes walk from the beautiful and historic old town of Estepona with a wide variety of local and international restaurants, bars and various shops. Parking space with elevator to the apartment.<\/p>\n<p>There is a frequent bus service leaving from a stop less than 200 m from the complex and a taxi rank a similar distance away. Bicycles can be hired nearby and a dedicated cycle path provides a safe route along the seafront to the center of Estepona. Estepona is 55 minutes from Malaga and the nearest airport, 35 minutes from Gibraltar and 100 minutes from Jerez airports. There are numerous golf courses within a short drive. Transfers to and from the airport are provided, ask for rates!<br \/>\nFor your comfort, it is recommended to reserve the apartment one more night in case of early arrivals or late departures.\n*Pool open all year round except in the case of technical failure, storms or severe drought.<\/p>\n<p>VUT\/MA\/<em>25094<\/em><\/p>","protected":false},"excerpt":{"rendered":"<p>Excelente ubicaci\u00f3n! Apartamento de 3 dormitorios y 2 ba\u00f1os con aire acondicionado en una comunidad cerrada en Estepona Costa del Sol Espa\u00f1a. Fant\u00e1sticas vistas al brillante oc\u00e9ano azul, al puerto y a las 2 piscinas ubicadas dentro del complejo. Tiene una gran terraza orientada al sur con BBQ, 2 habitaciones dobles (1 en suite con [&hellip;]<\/p>\n","protected":false},"featured_media":1531,"comment_status":"open","ping_status":"closed","template":"","meta":{"_et_pb_use_builder":"","_et_pb_old_content":"","_et_gb_content_width":""},"product_brand":[],"product_cat":[138],"product_tag":[102,37,90,75,72,65,68,92,86,70,77,94,87,30,53,39,69,80,67,78,73,83,64,52,51,74,71,54],"class_list":{"0":"post-1069","1":"product","2":"type-product","3":"status-publish","4":"has-post-thumbnail","6":"product_cat-estepona-puerto-alto","7":"product_tag-accesible-en-silla-de-ruedas","8":"product_tag-aire-acondicionado","9":"product_tag-ascensor","10":"product_tag-barbacoa","11":"product_tag-cafetera","12":"product_tag-calefaccion-central","13":"product_tag-cocina","14":"product_tag-en-la-playa","15":"product_tag-extintor","16":"product_tag-frigorifico","17":"product_tag-hervidor-de-agua-electrico","18":"product_tag-horno","19":"product_tag-iluminacion-exterior","20":"product_tag-internet","21":"product_tag-lavadora","22":"product_tag-lavavajillas","23":"product_tag-microondas","24":"product_tag-muebles-de-exterior","25":"product_tag-papel-higienico","26":"product_tag-piscina-comunitaria","27":"product_tag-placa-de-cocina","28":"product_tag-plancha-con-tabla-de-planchar","29":"product_tag-ropa-de-cama","30":"product_tag-television","31":"product_tag-toallas-disponibles","32":"product_tag-tostadora","33":"product_tag-vajilla-y-cuberteria","34":"product_tag-wifi","35":"type-piso-apartamento","37":"first","38":"instock","39":"virtual","40":"sold-individually","41":"purchasable","42":"product-type-booking"},"_links":{"self":[{"href":"https:\/\/rentals.intermobiliaria.es\/en\/wp-json\/wp\/v2\/product\/1069","targetHints":{"allow":["GET"]}}],"collection":[{"href":"https:\/\/rentals.intermobiliaria.es\/en\/wp-json\/wp\/v2\/product"}],"about":[{"href":"https:\/\/rentals.intermobiliaria.es\/en\/wp-json\/wp\/v2\/types\/product"}],"replies":[{"embeddable":true,"href":"https:\/\/rentals.intermobiliaria.es\/en\/wp-json\/wp\/v2\/comments?post=1069"}],"wp:featuredmedia":[{"embeddable":true,"href":"https:\/\/rentals.intermobiliaria.es\/en\/wp-json\/wp\/v2\/media\/1531"}],"wp:attachment":[{"href":"https:\/\/rentals.intermobiliaria.es\/en\/wp-json\/wp\/v2\/media?parent=1069"}],"wp:term":[{"taxonomy":"product_brand","embeddable":true,"href":"https:\/\/rentals.intermobiliaria.es\/en\/wp-json\/wp\/v2\/product_brand?post=1069"},{"taxonomy":"product_cat","embeddable":true,"href":"https:\/\/rentals.intermobiliaria.es\/en\/wp-json\/wp\/v2\/product_cat?post=1069"},{"taxonomy":"product_tag","embeddable":true,"href":"https:\/\/rentals.intermobiliaria.es\/en\/wp-json\/wp\/v2\/product_tag?post=1069"}],"curies":[{"name":"wp","href":"https:\/\/api.w.org\/{rel}","templated":true}]}}