{"id":1282,"date":"2025-01-26T18:07:37","date_gmt":"2025-01-26T18:07:37","guid":{"rendered":"https:\/\/rentals.intermobiliaria.es\/?post_type=product&#038;p=1282"},"modified":"2026-04-25T13:15:05","modified_gmt":"2026-04-25T13:15:05","slug":"oasis325","status":"publish","type":"product","link":"https:\/\/rentals.intermobiliaria.es\/en\/alquileres\/oasis325\/","title":{"rendered":"Oasis 325"},"content":{"rendered":"<p class=\"translation-block\">This elegant duplex penthouse with 2 bedrooms, 2 bathrooms is located in Estepona and offers panoramic views of the sea, the mountains and nature.\nThe outstanding features are both terraces, but above all the large private sun terrace of almost 70 sqm.\nThe penthouse has an unbeatable location within the residential complex, as it is a south-west facing corner apartment. Fully equipped kitchen with high-quality electrical appliances, individually adjustable air conditioning, extra-long awnings with wind sensors, generous built-in wardrobes with great interior fittings, high-quality ceiling fans and internet connection inside and outside.\nGarage space for 1 car included. \nThe gated community of Oasis 325 is exceptional: 24-hour security and concierge, outdoor and indoor pool, spa area with sauna and Turkish bath, fully equipped gym and yoga area, spacious changing rooms, large communal area (co-working room).\nThe famous harbour \"Puerto Banus\" with its luxury shops, restaurants, yachts and nightlife can be reached in 15 minutes by car and the international airport of Malaga is less than an hour away.\nSeveral golf courses, hospitals, schools and shopping centres are within easy driving distance.\nTo your comfort, it is recommended to book the apartment one more night for early arrivals or late departures. Airport transfers available, please, ask for rates.<\/p>\n<p>VUT\/MA\/65432<\/p>","protected":false},"excerpt":{"rendered":"<p>Este elegante \u00e1tico d\u00faplex de 2 dormitorios, 2 ba\u00f1os de dise\u00f1o excepcional se encuentra en Estepona y ofrece vistas panor\u00e1micas al mar, a la monta\u00f1a y a la naturaleza. Las caracter\u00edsticas m\u00e1s destacadas son ambas terrazas, pero sobre todo la gran terraza sol\u00e1rium privada de casi 70m2. El \u00e1tico tiene una ubicaci\u00f3n inmejorable dentro del [&hellip;]<\/p>\n","protected":false},"featured_media":1013,"comment_status":"open","ping_status":"closed","template":"","meta":{"_et_pb_use_builder":"","_et_pb_old_content":"","_et_gb_content_width":""},"product_brand":[],"product_cat":[140],"product_tag":[37,72,65,70,85,145,77,94,87,53,100,69,101,79,78,141,95,83,66,52,51,74,71,99],"class_list":{"0":"post-1282","1":"product","2":"type-product","3":"status-publish","4":"has-post-thumbnail","6":"product_cat-cancelada-oasis-325","7":"product_tag-aire-acondicionado","8":"product_tag-cafetera","9":"product_tag-calefaccion-central","10":"product_tag-frigorifico","11":"product_tag-garaje","12":"product_tag-gimnasio","13":"product_tag-hervidor-de-agua-electrico","14":"product_tag-horno","15":"product_tag-iluminacion-exterior","16":"product_tag-lavadora","17":"product_tag-mesa-de-comedor","18":"product_tag-microondas","19":"product_tag-numero-de-contacto-del-hospital","20":"product_tag-piscina-al-aire-libre","21":"product_tag-piscina-comunitaria","22":"product_tag-piscina-cubierta","23":"product_tag-piscina-y-spa","24":"product_tag-plancha-con-tabla-de-planchar","25":"product_tag-secador-de-pelo","26":"product_tag-television","27":"product_tag-toallas-disponibles","28":"product_tag-tostadora","29":"product_tag-vajilla-y-cuberteria","30":"product_tag-wifi-gratis","31":"type-piso-apartamento","33":"first","34":"instock","35":"virtual","36":"sold-individually","37":"purchasable","38":"product-type-booking"},"_links":{"self":[{"href":"https:\/\/rentals.intermobiliaria.es\/en\/wp-json\/wp\/v2\/product\/1282","targetHints":{"allow":["GET"]}}],"collection":[{"href":"https:\/\/rentals.intermobiliaria.es\/en\/wp-json\/wp\/v2\/product"}],"about":[{"href":"https:\/\/rentals.intermobiliaria.es\/en\/wp-json\/wp\/v2\/types\/product"}],"replies":[{"embeddable":true,"href":"https:\/\/rentals.intermobiliaria.es\/en\/wp-json\/wp\/v2\/comments?post=1282"}],"wp:featuredmedia":[{"embeddable":true,"href":"https:\/\/rentals.intermobiliaria.es\/en\/wp-json\/wp\/v2\/media\/1013"}],"wp:attachment":[{"href":"https:\/\/rentals.intermobiliaria.es\/en\/wp-json\/wp\/v2\/media?parent=1282"}],"wp:term":[{"taxonomy":"product_brand","embeddable":true,"href":"https:\/\/rentals.intermobiliaria.es\/en\/wp-json\/wp\/v2\/product_brand?post=1282"},{"taxonomy":"product_cat","embeddable":true,"href":"https:\/\/rentals.intermobiliaria.es\/en\/wp-json\/wp\/v2\/product_cat?post=1282"},{"taxonomy":"product_tag","embeddable":true,"href":"https:\/\/rentals.intermobiliaria.es\/en\/wp-json\/wp\/v2\/product_tag?post=1282"}],"curies":[{"name":"wp","href":"https:\/\/api.w.org\/{rel}","templated":true}]}}