{"id":1484,"date":"2025-07-04T18:06:30","date_gmt":"2025-07-04T18:06:30","guid":{"rendered":"https:\/\/rentals.intermobiliaria.es\/?post_type=product&#038;p=1484"},"modified":"2026-04-25T14:30:05","modified_gmt":"2026-04-25T14:30:05","slug":"residencial-puerto-alto-b7-15","status":"publish","type":"product","link":"https:\/\/rentals.intermobiliaria.es\/en\/alquileres\/residencial-puerto-alto-b7-15\/","title":{"rendered":"Residencial Puerto Alto B7-15"},"content":{"rendered":"<p class=\"translation-block\">Well located holidays apartment in gated urbanization, close to the beach, marina, fitness center and city center. All kind of services around. One double bedroom and two bathrooms. Fully fitted kitchen and living-dinning room leading to a nice sunny terrace, with garden and pool views. Smart TV and WIFI. Supermarket and pharmacy on site. Walking distance to all kind of services and amenities. 400 metres from the beaches. Airport transfer available, please ask for rate. To your comfort, it is recommended to book the apartment one more night for early arrivals or late departures.<\/p>\n<p>*Pool open all year round except in the case of technical failure, storms or severe drought.<\/p>\n<p>VUT\/MA\/38821<\/p>","protected":false},"excerpt":{"rendered":"<p>Acogedor apartamento bien ubicado con un dormitorio doble y dos ba\u00f1os (uno en suite), comedor para 4 personas y cocina totalmente equipada. Terraza con fant\u00e1sticas vistas a piscina y jardines. Smart TV, WIFI incluido en el precio. Urbanizaci\u00f3n cerrada con dos piscinas, jardines. Las piscinas cuentan con socorristas durante la temporada de verano. Aparcamiento gratuito [&hellip;]<\/p>\n","protected":false},"featured_media":1485,"comment_status":"open","ping_status":"closed","template":"","meta":{"_et_pb_use_builder":"","_et_pb_old_content":"","_et_gb_content_width":""},"product_brand":[],"product_cat":[138],"product_tag":[102,37,90,72,65,86,70,85,77,94,87,53,100,69,101,79,78,83,66,52,51,74,71,54,99],"class_list":{"0":"post-1484","1":"product","2":"type-product","3":"status-publish","4":"has-post-thumbnail","6":"product_cat-estepona-puerto-alto","7":"product_tag-accesible-en-silla-de-ruedas","8":"product_tag-aire-acondicionado","9":"product_tag-ascensor","10":"product_tag-cafetera","11":"product_tag-calefaccion-central","12":"product_tag-extintor","13":"product_tag-frigorifico","14":"product_tag-garaje","15":"product_tag-hervidor-de-agua-electrico","16":"product_tag-horno","17":"product_tag-iluminacion-exterior","18":"product_tag-lavadora","19":"product_tag-mesa-de-comedor","20":"product_tag-microondas","21":"product_tag-numero-de-contacto-del-hospital","22":"product_tag-piscina-al-aire-libre","23":"product_tag-piscina-comunitaria","24":"product_tag-plancha-con-tabla-de-planchar","25":"product_tag-secador-de-pelo","26":"product_tag-television","27":"product_tag-toallas-disponibles","28":"product_tag-tostadora","29":"product_tag-vajilla-y-cuberteria","30":"product_tag-wifi","31":"product_tag-wifi-gratis","33":"first","34":"instock","35":"virtual","36":"sold-individually","37":"purchasable","38":"product-type-booking"},"_links":{"self":[{"href":"https:\/\/rentals.intermobiliaria.es\/en\/wp-json\/wp\/v2\/product\/1484","targetHints":{"allow":["GET"]}}],"collection":[{"href":"https:\/\/rentals.intermobiliaria.es\/en\/wp-json\/wp\/v2\/product"}],"about":[{"href":"https:\/\/rentals.intermobiliaria.es\/en\/wp-json\/wp\/v2\/types\/product"}],"replies":[{"embeddable":true,"href":"https:\/\/rentals.intermobiliaria.es\/en\/wp-json\/wp\/v2\/comments?post=1484"}],"wp:featuredmedia":[{"embeddable":true,"href":"https:\/\/rentals.intermobiliaria.es\/en\/wp-json\/wp\/v2\/media\/1485"}],"wp:attachment":[{"href":"https:\/\/rentals.intermobiliaria.es\/en\/wp-json\/wp\/v2\/media?parent=1484"}],"wp:term":[{"taxonomy":"product_brand","embeddable":true,"href":"https:\/\/rentals.intermobiliaria.es\/en\/wp-json\/wp\/v2\/product_brand?post=1484"},{"taxonomy":"product_cat","embeddable":true,"href":"https:\/\/rentals.intermobiliaria.es\/en\/wp-json\/wp\/v2\/product_cat?post=1484"},{"taxonomy":"product_tag","embeddable":true,"href":"https:\/\/rentals.intermobiliaria.es\/en\/wp-json\/wp\/v2\/product_tag?post=1484"}],"curies":[{"name":"wp","href":"https:\/\/api.w.org\/{rel}","templated":true}]}}