{"id":186,"date":"2022-11-29T20:10:24","date_gmt":"2022-11-29T20:10:24","guid":{"rendered":"http:\/\/rentals.intermobiliaria.es\/?post_type=product&#038;p=186"},"modified":"2026-04-17T18:53:25","modified_gmt":"2026-04-17T18:53:25","slug":"residencial-puerto-alto-b4-6","status":"publish","type":"product","link":"https:\/\/rentals.intermobiliaria.es\/en\/alquileres\/residencial-puerto-alto-b4-6\/","title":{"rendered":"Residencial Puerto Alto B4-6"},"content":{"rendered":"<p>Nice ground floor apartment in gated urbanization Puerto Alto, close the beach, marina, sports centre and city center. All kind of services around. 2 double bedrooms, one en suite and 2 bathrooms with shower. Fully fitted kitchen and living-dinning room leading to a nice terrace with garden views. Sportscenter, supermarket and pharmacy on site. Walking distance to all kind of services and amenities. 400 metres from the beaches. 2 swimming pools on site. Airport transfer available, ask for rate.\nTo your comfort, it is recommended to book the apartment one more night for early arrivals or late departures.\n*Pool open all year round except in the case of technical failure, storms or severe drought.<\/p>\n<p>VUT\/MA\/03447<\/p>","protected":false},"excerpt":{"rendered":"<p>Bonito apartamento en planta baja en urbanizaci\u00f3n cerrada Puerto Alto, cerca de la playa, puerto deportivo, centro deportivo y centro de la ciudad. 2 dormitorios dobles, uno de ellos en suite y 2 ba\u00f1os con ducha. Cocina totalmente equipada y sal\u00f3n-comedor que conduce a una bonita terraza con vistas al jard\u00edn. 2 piscinas, supermercado y [&hellip;]<\/p>\n","protected":false},"featured_media":162,"comment_status":"open","ping_status":"closed","template":"","meta":{"_et_pb_use_builder":"","_et_pb_old_content":"","_et_gb_content_width":""},"product_brand":[],"product_cat":[138],"product_tag":[102,37,90,72,65,86,70,77,94,87,53,100,69,101,79,78,83,66,52,51,74,71,54,99],"class_list":{"0":"post-186","1":"product","2":"type-product","3":"status-publish","4":"has-post-thumbnail","6":"product_cat-estepona-puerto-alto","7":"product_tag-accesible-en-silla-de-ruedas","8":"product_tag-aire-acondicionado","9":"product_tag-ascensor","10":"product_tag-cafetera","11":"product_tag-calefaccion-central","12":"product_tag-extintor","13":"product_tag-frigorifico","14":"product_tag-hervidor-de-agua-electrico","15":"product_tag-horno","16":"product_tag-iluminacion-exterior","17":"product_tag-lavadora","18":"product_tag-mesa-de-comedor","19":"product_tag-microondas","20":"product_tag-numero-de-contacto-del-hospital","21":"product_tag-piscina-al-aire-libre","22":"product_tag-piscina-comunitaria","23":"product_tag-plancha-con-tabla-de-planchar","24":"product_tag-secador-de-pelo","25":"product_tag-television","26":"product_tag-toallas-disponibles","27":"product_tag-tostadora","28":"product_tag-vajilla-y-cuberteria","29":"product_tag-wifi","30":"product_tag-wifi-gratis","31":"type-piso-apartamento","33":"first","34":"instock","35":"virtual","36":"sold-individually","37":"purchasable","38":"product-type-booking"},"_links":{"self":[{"href":"https:\/\/rentals.intermobiliaria.es\/en\/wp-json\/wp\/v2\/product\/186","targetHints":{"allow":["GET"]}}],"collection":[{"href":"https:\/\/rentals.intermobiliaria.es\/en\/wp-json\/wp\/v2\/product"}],"about":[{"href":"https:\/\/rentals.intermobiliaria.es\/en\/wp-json\/wp\/v2\/types\/product"}],"replies":[{"embeddable":true,"href":"https:\/\/rentals.intermobiliaria.es\/en\/wp-json\/wp\/v2\/comments?post=186"}],"wp:featuredmedia":[{"embeddable":true,"href":"https:\/\/rentals.intermobiliaria.es\/en\/wp-json\/wp\/v2\/media\/162"}],"wp:attachment":[{"href":"https:\/\/rentals.intermobiliaria.es\/en\/wp-json\/wp\/v2\/media?parent=186"}],"wp:term":[{"taxonomy":"product_brand","embeddable":true,"href":"https:\/\/rentals.intermobiliaria.es\/en\/wp-json\/wp\/v2\/product_brand?post=186"},{"taxonomy":"product_cat","embeddable":true,"href":"https:\/\/rentals.intermobiliaria.es\/en\/wp-json\/wp\/v2\/product_cat?post=186"},{"taxonomy":"product_tag","embeddable":true,"href":"https:\/\/rentals.intermobiliaria.es\/en\/wp-json\/wp\/v2\/product_tag?post=186"}],"curies":[{"name":"wp","href":"https:\/\/api.w.org\/{rel}","templated":true}]}}