{"id":398,"date":"2023-01-26T15:11:10","date_gmt":"2023-01-26T15:11:10","guid":{"rendered":"http:\/\/rentals.intermobiliaria.es\/?post_type=product&#038;p=398"},"modified":"2025-09-02T17:48:15","modified_gmt":"2025-09-02T17:48:15","slug":"residencial-puerto-alto-b6-19","status":"publish","type":"product","link":"https:\/\/rentals.intermobiliaria.es\/en\/alquileres\/residencial-puerto-alto-b6-19\/","title":{"rendered":"Residencial Puerto Alto B6-19"},"content":{"rendered":"<p>Well located apartment with 2 double bedrooms and 2 bathrooms (one en suite), dining room for 4 people, and a fully equipped kitchen. Terrace with fantastic views to the sea pool and gardens.<br \/>\nSmart TV, WIFI included in the price. Gated urbanization with two pools, gardens. Access for disabled. The pools have lifeguards in attendance during the summer season. Free parking right outside the apartment and garage.<br \/>\nSupermarket, pharmacy and gym nearby. Located 600 meters from the marina of Estepona, a lively port with all kinds of bars and restaurants. On both sides the blue flag beaches La Rada and Del Cristo.<br \/>\nThere are numerous golf courses within easy driving distance. After lovely 20-minutes\u2019 walk to Estepona town center, you will find all kind of services, shops, and restaurants. The distance to Malaga airport is 80 km. Airport transfer on request, ask for rate.\nTo your comfort, it is recommended to book the apartment one more night for early arrivals or late departures.\n*Pool open all year round except in the case of technical failure, storms or severe drought.<\/p>\n<p>VUT\/MA\/59908<\/p>","protected":false},"excerpt":{"rendered":"<p>Acogedor apartamento bien ubicado con 2 habitaciones dobles y 2 ba\u00f1os (uno en suite), comedor para 4 personas y cocina totalmente equipada. Terraza con fant\u00e1sticas vistas al mar, piscina y jardines. Smart TV, WIFI incluido en el precio. Urbanizaci\u00f3n cerrada con dos piscinas, jardines. Acceso para discapacitados. Las piscinas cuentan con socorristas durante la temporada [&hellip;]<\/p>\n","protected":false},"featured_media":420,"comment_status":"open","ping_status":"closed","template":"","meta":{"_et_pb_use_builder":"","_et_pb_old_content":"","_et_gb_content_width":""},"product_brand":[],"product_cat":[138],"product_tag":[102,37,90,72,65,86,70,85,77,94,87,53,100,69,101,79,78,83,66,52,51,74,71,54,99],"class_list":{"0":"post-398","1":"product","2":"type-product","3":"status-publish","4":"has-post-thumbnail","6":"product_cat-estepona-puerto-alto","7":"product_tag-accesible-en-silla-de-ruedas","8":"product_tag-aire-acondicionado","9":"product_tag-ascensor","10":"product_tag-cafetera","11":"product_tag-calefaccion-central","12":"product_tag-extintor","13":"product_tag-frigorifico","14":"product_tag-garaje","15":"product_tag-hervidor-de-agua-electrico","16":"product_tag-horno","17":"product_tag-iluminacion-exterior","18":"product_tag-lavadora","19":"product_tag-mesa-de-comedor","20":"product_tag-microondas","21":"product_tag-numero-de-contacto-del-hospital","22":"product_tag-piscina-al-aire-libre","23":"product_tag-piscina-comunitaria","24":"product_tag-plancha-con-tabla-de-planchar","25":"product_tag-secador-de-pelo","26":"product_tag-television","27":"product_tag-toallas-disponibles","28":"product_tag-tostadora","29":"product_tag-vajilla-y-cuberteria","30":"product_tag-wifi","31":"product_tag-wifi-gratis","32":"type-piso-apartamento","34":"first","35":"instock","36":"virtual","37":"sold-individually","38":"purchasable","39":"product-type-booking"},"_links":{"self":[{"href":"https:\/\/rentals.intermobiliaria.es\/en\/wp-json\/wp\/v2\/product\/398","targetHints":{"allow":["GET"]}}],"collection":[{"href":"https:\/\/rentals.intermobiliaria.es\/en\/wp-json\/wp\/v2\/product"}],"about":[{"href":"https:\/\/rentals.intermobiliaria.es\/en\/wp-json\/wp\/v2\/types\/product"}],"replies":[{"embeddable":true,"href":"https:\/\/rentals.intermobiliaria.es\/en\/wp-json\/wp\/v2\/comments?post=398"}],"wp:featuredmedia":[{"embeddable":true,"href":"https:\/\/rentals.intermobiliaria.es\/en\/wp-json\/wp\/v2\/media\/420"}],"wp:attachment":[{"href":"https:\/\/rentals.intermobiliaria.es\/en\/wp-json\/wp\/v2\/media?parent=398"}],"wp:term":[{"taxonomy":"product_brand","embeddable":true,"href":"https:\/\/rentals.intermobiliaria.es\/en\/wp-json\/wp\/v2\/product_brand?post=398"},{"taxonomy":"product_cat","embeddable":true,"href":"https:\/\/rentals.intermobiliaria.es\/en\/wp-json\/wp\/v2\/product_cat?post=398"},{"taxonomy":"product_tag","embeddable":true,"href":"https:\/\/rentals.intermobiliaria.es\/en\/wp-json\/wp\/v2\/product_tag?post=398"}],"curies":[{"name":"wp","href":"https:\/\/api.w.org\/{rel}","templated":true}]}}