{"id":536,"date":"2023-04-06T18:43:55","date_gmt":"2023-04-06T18:43:55","guid":{"rendered":"http:\/\/rentals.intermobiliaria.es\/?post_type=product&#038;p=536"},"modified":"2025-09-03T17:11:47","modified_gmt":"2025-09-03T17:11:47","slug":"urbanizacion-south-bay-iii-hp","status":"publish","type":"product","link":"https:\/\/rentals.intermobiliaria.es\/en\/alquileres\/urbanizacion-south-bay-iii-hp\/","title":{"rendered":"South Bay III PH"},"content":{"rendered":"<p>Fantastic penthouse apartment in new gated urbanization South Bay III, close the beach, marina, sports centre and city centre. All kind of services in short distance. 3 double bedrooms, one en suite. 2 shower bathrooms, terrace and large, amazing solarium with panoramic views to the sea and village. Fully fitted modern kitchen and living-dinning room leading to a nice terrace with fantastic views. The urbanization offers swimming pool, children pool, pool picknick bar, gym, spa and co-working room on site. Walking distance to all kind of services and amenities. 600 metres from the beaches and marina. Airport transfer available, please, ask for rate.\n*Pool open all year round except in the case of technical failure, storms or severe drought.<\/p>\n<p>VUT\/MA\/61119<\/p>","protected":false},"excerpt":{"rendered":"<p>Fant\u00e1stico \u00e1tico en nueva urbanizaci\u00f3n cerrada South Bay III, cerca de la playa, puerto deportivo, centro deportivo y centro de la ciudad. Todo tipo de servicios a corta distancia. 3 habitaciones dobles, una de ellas en suite. 2 ba\u00f1os con ducha, terraza y amplio solarium con vistas panor\u00e1micas al mar y pueblo. Cocina moderna totalmente [&hellip;]<\/p>\n","protected":false},"featured_media":545,"comment_status":"open","ping_status":"closed","template":"","meta":{"_et_pb_use_builder":"","_et_pb_old_content":"","_et_gb_content_width":""},"product_brand":[],"product_cat":[137],"product_tag":[37,90,75,72,65,68,76,70,85,77,94,87,30,53,39,69,136,135,101,67,79,78,83,64,66,134,124,51,74,71,99],"class_list":{"0":"post-536","1":"product","2":"type-product","3":"status-publish","4":"has-post-thumbnail","6":"product_cat-estepona-south-bay","7":"product_tag-aire-acondicionado","8":"product_tag-ascensor","9":"product_tag-barbacoa","10":"product_tag-cafetera","11":"product_tag-calefaccion-central","12":"product_tag-cocina","13":"product_tag-condimentos","14":"product_tag-frigorifico","15":"product_tag-garaje","16":"product_tag-hervidor-de-agua-electrico","17":"product_tag-horno","18":"product_tag-iluminacion-exterior","19":"product_tag-internet","20":"product_tag-lavadora","21":"product_tag-lavavajillas","22":"product_tag-microondas","23":"product_tag-numero-de-contacto-de-la-policia","24":"product_tag-numero-de-contacto-de-los-bomberos","25":"product_tag-numero-de-contacto-del-hospital","26":"product_tag-papel-higienico","27":"product_tag-piscina-al-aire-libre","28":"product_tag-piscina-comunitaria","29":"product_tag-plancha-con-tabla-de-planchar","30":"product_tag-ropa-de-cama","31":"product_tag-secador-de-pelo","32":"product_tag-seguridad","33":"product_tag-smart-tv","34":"product_tag-toallas-disponibles","35":"product_tag-tostadora","36":"product_tag-vajilla-y-cuberteria","37":"product_tag-wifi-gratis","38":"type-piso-apartamento","40":"first","41":"instock","42":"virtual","43":"sold-individually","44":"purchasable","45":"product-type-booking"},"_links":{"self":[{"href":"https:\/\/rentals.intermobiliaria.es\/en\/wp-json\/wp\/v2\/product\/536","targetHints":{"allow":["GET"]}}],"collection":[{"href":"https:\/\/rentals.intermobiliaria.es\/en\/wp-json\/wp\/v2\/product"}],"about":[{"href":"https:\/\/rentals.intermobiliaria.es\/en\/wp-json\/wp\/v2\/types\/product"}],"replies":[{"embeddable":true,"href":"https:\/\/rentals.intermobiliaria.es\/en\/wp-json\/wp\/v2\/comments?post=536"}],"wp:featuredmedia":[{"embeddable":true,"href":"https:\/\/rentals.intermobiliaria.es\/en\/wp-json\/wp\/v2\/media\/545"}],"wp:attachment":[{"href":"https:\/\/rentals.intermobiliaria.es\/en\/wp-json\/wp\/v2\/media?parent=536"}],"wp:term":[{"taxonomy":"product_brand","embeddable":true,"href":"https:\/\/rentals.intermobiliaria.es\/en\/wp-json\/wp\/v2\/product_brand?post=536"},{"taxonomy":"product_cat","embeddable":true,"href":"https:\/\/rentals.intermobiliaria.es\/en\/wp-json\/wp\/v2\/product_cat?post=536"},{"taxonomy":"product_tag","embeddable":true,"href":"https:\/\/rentals.intermobiliaria.es\/en\/wp-json\/wp\/v2\/product_tag?post=536"}],"curies":[{"name":"wp","href":"https:\/\/api.w.org\/{rel}","templated":true}]}}